{"id":395,"date":"2018-05-20T19:18:12","date_gmt":"2018-05-20T19:18:12","guid":{"rendered":"http:\/\/www.mishte.net\/?page_id=395"},"modified":"2024-04-14T22:51:57","modified_gmt":"2024-04-14T22:51:57","slug":"kodama-hands","status":"publish","type":"page","link":"http:\/\/www.mishte.net\/index.php\/kodama-hands\/","title":{"rendered":"Kodama hands"},"content":{"rendered":"<p><span style=\"font-weight: 400;\">Kodama Hands is a group, which members are professional and amateur musicians playing variety of instruments like guitar, violin, percussions, bass guitar, flute, handpan and voice as well. This group connects musicians from Eastern Slovakia and their aim is to bring unique musical artistic experience. From style perspective Kodama Hands lean to ethno music with some jazz and house music influence. Connection variety of musical styles is way of expressing of individual self-realisation of each member resulting in groups representation of final compositions.<\/span><\/p>\n<h3>Members<\/h3>\n<p>Participants of this project are not strictly listed members. Most of all it is important to have good will to participate and put your heart into play.<\/p>\n<p><strong>Recently active members are:<\/strong><\/p>\n<ul>\n<li>R\u00fat Pajorkov\u00e1 &#8211; violin, handpan, voice<\/li>\n<li>R\u00f3bert Egre\u0161i &#8211; percussions, handpan<\/li>\n<li>Vladim\u00edr Hru\u0161ovsk\u00fd &#8211; beatmaker, keyboard<\/li>\n<li>Marek Len\u00e1rt &#8211; electric bass, handpan<\/li>\n<\/ul>\n<p><img loading=\"lazy\" class=\"size-full wp-image-437 aligncenter\" src=\"http:\/\/www.mishte.net\/wp-content\/uploads\/2019\/06\/kapela-small.png\" alt=\"\" width=\"891\" height=\"691\" srcset=\"http:\/\/www.mishte.net\/wp-content\/uploads\/2019\/06\/kapela-small.png 891w, http:\/\/www.mishte.net\/wp-content\/uploads\/2019\/06\/kapela-small-300x233.png 300w, http:\/\/www.mishte.net\/wp-content\/uploads\/2019\/06\/kapela-small-768x596.png 768w\" sizes=\"(max-width: 891px) 100vw, 891px\" \/><\/p>\n<h3>Events and gigs<\/h3>\n<p>Please see our Facebook page for upcoming events. It should be also available via <a href=\"http:\/\/www.mishte.net\/index.php\/events\/\">shared calendar<\/a>.<\/p>\n<h3>Social networks<\/h3>\n<p><a href=\"https:\/\/www.facebook.com\/kodama.hands\/\">https:\/\/www.facebook.com\/kodama.hands\/<\/a><\/p>\n<h3>Media<\/h3>\n<p>Some of our recordings and compositions can be found mostly on youtube.<\/p>\n<p><a href=\"https:\/\/www.youtube.com\/@KodamaHands\">https:\/\/www.youtube.com\/@KodamaHands<\/a><\/p>\n<p><iframe title=\"Kodama Hands at Hotovo Bday party Sept 2023\" width=\"1080\" height=\"608\" src=\"https:\/\/www.youtube.com\/embed\/w5qYhMfCZx8?feature=oembed\" frameborder=\"0\" allow=\"accelerometer; autoplay; clipboard-write; encrypted-media; gyroscope; picture-in-picture; web-share\" referrerpolicy=\"strict-origin-when-cross-origin\" allowfullscreen><\/iframe><\/p>\n<p><iframe title=\"Kodama Hands - V pondelok doma nebudem\" width=\"1080\" height=\"608\" src=\"https:\/\/www.youtube.com\/embed\/CD13K1l1VY0?feature=oembed\" frameborder=\"0\" allow=\"accelerometer; autoplay; clipboard-write; encrypted-media; gyroscope; picture-in-picture; web-share\" referrerpolicy=\"strict-origin-when-cross-origin\" allowfullscreen><\/iframe><\/p>\n<p>&nbsp;<\/p>","protected":false},"excerpt":{"rendered":"<p class=\"excerpt\">Kodama Hands is a group, which members are professional and amateur musicians playing variety of instruments like guitar, violin, percussions, bass guitar, flute, handpan and voice as well. This group connects musicians from Eastern Slovakia and their aim is to bring unique musical artistic experience. From style perspective Kodama Hands lean to ethno music with [&hellip;]<\/p>\n","protected":false},"author":1,"featured_media":0,"parent":0,"menu_order":0,"comment_status":"closed","ping_status":"closed","template":"","meta":{"sfsi_plus_gutenberg_text_before_share":"","sfsi_plus_gutenberg_show_text_before_share":"","sfsi_plus_gutenberg_icon_type":"","sfsi_plus_gutenberg_icon_alignemt":"","sfsi_plus_gutenburg_max_per_row":""},"_links":{"self":[{"href":"http:\/\/www.mishte.net\/index.php\/wp-json\/wp\/v2\/pages\/395"}],"collection":[{"href":"http:\/\/www.mishte.net\/index.php\/wp-json\/wp\/v2\/pages"}],"about":[{"href":"http:\/\/www.mishte.net\/index.php\/wp-json\/wp\/v2\/types\/page"}],"author":[{"embeddable":true,"href":"http:\/\/www.mishte.net\/index.php\/wp-json\/wp\/v2\/users\/1"}],"replies":[{"embeddable":true,"href":"http:\/\/www.mishte.net\/index.php\/wp-json\/wp\/v2\/comments?post=395"}],"version-history":[{"count":13,"href":"http:\/\/www.mishte.net\/index.php\/wp-json\/wp\/v2\/pages\/395\/revisions"}],"predecessor-version":[{"id":619,"href":"http:\/\/www.mishte.net\/index.php\/wp-json\/wp\/v2\/pages\/395\/revisions\/619"}],"wp:attachment":[{"href":"http:\/\/www.mishte.net\/index.php\/wp-json\/wp\/v2\/media?parent=395"}],"curies":[{"name":"wp","href":"https:\/\/api.w.org\/{rel}","templated":true}]}}