{"id":454,"date":"2019-07-19T07:12:09","date_gmt":"2019-07-19T07:12:09","guid":{"rendered":"http:\/\/www.mishte.net\/?page_id=454"},"modified":"2020-04-19T09:47:35","modified_gmt":"2020-04-19T09:47:35","slug":"panvica-2019","status":"publish","type":"page","link":"http:\/\/www.mishte.net\/index.php\/panvica-2019\/","title":{"rendered":"Panvica 2019"},"content":{"rendered":"<p><strong>Contact mail:<\/strong> <a href=\"mailto:panvica.festival@gmail.com\">panvica.festival@gmail.com<\/a><\/p>\r\n<h3>Concert HandPan in synagogue<\/h3>\r\n<p>\r\n\r\n<\/p>\r\n<p>&nbsp;<\/p>\r\n<p><strong>Date of concert:<\/strong> 15.8.2019 o 19.00<br \/><strong>Location:<\/strong> Old jewish synagogue, Zvon\u00e1rska 7, Ko\u0161ice<br \/><strong>Tickets available on this link:<\/strong> <a href=\"https:\/\/www.ticketportal.sk\/event\/HandPan-v-synagoge-2019\">https:\/\/www.ticketportal.sk\/event\/HandPan-v-synagoge-2019<\/a><\/p>\r\n<p>\r\n\r\n<\/p>\r\n<h4><a href=\"http:\/\/www.mishte.net\/wp-content\/uploads\/2019\/07\/Koncert_plagat_15082019.png\"><img loading=\"lazy\" class=\"alignnone wp-image-482 size-thumbnail\" src=\"http:\/\/www.mishte.net\/wp-content\/uploads\/2019\/07\/Koncert_plagat_15082019-150x150.png\" alt=\"\" width=\"150\" height=\"150\" srcset=\"http:\/\/www.mishte.net\/wp-content\/uploads\/2019\/07\/Koncert_plagat_15082019-150x150.png 150w, http:\/\/www.mishte.net\/wp-content\/uploads\/2019\/07\/Koncert_plagat_15082019-480x480.png 480w\" sizes=\"(max-width: 150px) 100vw, 150px\" \/><\/a><\/h4>\r\n<h4>Perfomers:<\/h4>\r\n<p>\r\n\r\n<\/p>\r\n<p><strong>Marcel Hutter<\/strong><\/p>\r\n<p>\r\n\r\n<\/p>\r\n<div class=\"wp-block-image\">\r\n<figure class=\"alignleft is-resized\"><img loading=\"lazy\" class=\"wp-image-445 alignleft\" src=\"http:\/\/www.mishte.net\/wp-content\/uploads\/2019\/07\/Marcel-Hutter-2-683x1024.jpg\" alt=\"\" width=\"237\" height=\"355\" srcset=\"http:\/\/www.mishte.net\/wp-content\/uploads\/2019\/07\/Marcel-Hutter-2-683x1024.jpg 683w, http:\/\/www.mishte.net\/wp-content\/uploads\/2019\/07\/Marcel-Hutter-2-200x300.jpg 200w, http:\/\/www.mishte.net\/wp-content\/uploads\/2019\/07\/Marcel-Hutter-2-768x1152.jpg 768w, http:\/\/www.mishte.net\/wp-content\/uploads\/2019\/07\/Marcel-Hutter-2.jpg 1000w\" sizes=\"(max-width: 237px) 100vw, 237px\" \/><\/figure>\r\n<\/div>\r\n<p>\r\n\r\n<\/p>\r\n<p>I am a musician and handpan player from Linz (located in Austria\/Europe).<\/p>\r\n<p>I got my first handpan in 2012\u00a0and because there was no one who could have taught me how to play it, I started experiencing it by myself.<\/p>\r\n<p>A\u00a0completely new chapter of my life began, because of my (seemingly) endless passion for this instruments, and now I am travelling around the world while my collection of handpans is growing more and more.<\/p>\r\n<p>\r\n\r\n<\/p>\r\n<div id=\"wayp-107\" class=\"prk_shortcode-title prk_break_word hook_left_align wpb_animate_when_almost_visible wpb_hook_fade_waypoint h4_sized wpb_start_animation\">\r\n<div class=\"header_font zero_color prk_vc_title\">\r\n<p>Music is in my soul, runs through my veins and keeps beating in my chest all the time!<\/p>\r\n<\/div>\r\n<div class=\"clearfix\">I am not just a Handpan Player but also percussionist and I am experienced with many instruments like a Cachon, Kalimba or Clamps but my favourites are still my pans.<\/div>\r\n<\/div>\r\n<div class=\"wpb_text_column wpb_content_element \">\r\n<div class=\"wpb_wrapper\">\r\n<p>Creating music is such a pleasure for me so let\u2019s just have fun together!<\/p>\r\n<p>&nbsp;<\/p>\r\n<\/div>\r\n<\/div>\r\n<p><strong>Moritz Labschutz<\/strong><\/p>\r\n<p><img loading=\"lazy\" class=\"wp-image-446 alignleft\" src=\"http:\/\/www.mishte.net\/wp-content\/uploads\/2019\/07\/Moritz-Labschutz-2.png\" alt=\"\" width=\"267\" height=\"170\" srcset=\"http:\/\/www.mishte.net\/wp-content\/uploads\/2019\/07\/Moritz-Labschutz-2.png 550w, http:\/\/www.mishte.net\/wp-content\/uploads\/2019\/07\/Moritz-Labschutz-2-300x190.png 300w\" sizes=\"(max-width: 267px) 100vw, 267px\" \/><\/p>\r\n<p class=\"p1\"><span class=\"s1\">Moritz Labsch\u00fctz is a professional drummer, multi-instrumentalist &amp; composer with many years of musical experience. He has appeared on a large number of stages performing music from various genres. As a multi-instrumentalist, Moritz has always looked for new ways to integrate various instruments into his stage performances. His fascination with instruments, which create rich overtones, brought him to the unique sound of the &#8220;Steel Pan&#8221;. This fascination, further lead him to the sound spheres of the &#8220;Handpan&#8221; and the &#8220;Rav Vast Drum&#8221; with which he made a profound connection. <\/span><\/p>\r\n<p class=\"p1\"><span class=\"s1\">His fine groove-oriented rhythmic embellishments give his music an unique character which creates a spherical space and lets the listener plunge deep into it.<span class=\"Apple-converted-space\">\u00a0 <\/span>Moritz Labsch\u00fctz also enjoys performing in different musical projects such as: Klangwelten\u201c, \u201eSound Drop\u201c &amp; \u201eThe Original Jassband.\u201c<span class=\"Apple-converted-space\">\u00a0 <\/span>He also offers workshops and teaches music on regular basis.<\/span><\/p>\r\n<p>&nbsp;<\/p>\r\n<p>\r\n\r\n<\/p>\r\n<p><strong>Kodama Hands<\/strong><\/p>\r\n<p>\r\n\r\n<\/p>\r\n<div class=\"wp-block-image\">\r\n<figure class=\"alignleft is-resized\"><img loading=\"lazy\" class=\"wp-image-437 alignleft\" src=\"http:\/\/www.mishte.net\/wp-content\/uploads\/2019\/06\/kapela-small.png\" alt=\"\" width=\"278\" height=\"216\" srcset=\"http:\/\/www.mishte.net\/wp-content\/uploads\/2019\/06\/kapela-small.png 891w, http:\/\/www.mishte.net\/wp-content\/uploads\/2019\/06\/kapela-small-300x233.png 300w, http:\/\/www.mishte.net\/wp-content\/uploads\/2019\/06\/kapela-small-768x596.png 768w\" sizes=\"(max-width: 278px) 100vw, 278px\" \/><\/figure>\r\n<\/div>\r\n<p>\r\n\r\n<\/p>\r\n<p>Kodama Hands is a group, which members are professional and amateur musicians playing variety of instruments like guitar, violin, percussions, bass guitar, flute, handpan and voice as well. This group connects musicians from Eastern Slovakia and their aim is to bring unique musical artistic experience. From style perspective Kodama Hands lean to ethno music with some jazz and house music influence. Connection variety of musical styles is way of expressing of individual self-realisation of each member resulting in groups representation of final compositions.<\/p>\r\n\r\n<p>&nbsp;<\/p>\r\n\r\n<h3>\u00a0<\/h3>\r\n<h3>PANVICA &#8211; Gathering<\/h3>\r\n<p>The aim of the meeting is to create a space to meet the enthusiasts of these instruments, to try different scales and, last but not least, to play together with other players. Throughout the day various games, workshops and jamming, in the evenings concerts of invited guests.<\/p>\r\n<p>The meeting is aimed at players of all levels of handplay skill. From the beginning to the advanced, you can enjoy a weekend full of music.<\/p>\r\n<p><strong>Date:<\/strong> 16-17. 8. 2019<br \/><strong>Location:<\/strong> Mountain cottage Lajo\u0161ka, \u200b\u200bPredn\u00e1 Holica<br \/><strong>Accommodation:<\/strong> In the cottage, but beware of limited capacity, book a place soon!<br \/><strong>Transport:<\/strong> You can get to the cottage by hiking trails in the direction from Jahodna, Vysny Klatov, Zlata Idka, or from Kosicka Bela. If you need to help with transport things like a handpan, you need to contact the organizers.<\/p>\r\n<p><strong>Ticket price: 69Eur.<\/strong> The price includes accommodation for two nights, 2x breakfast and 2x dinner in the cottage. Payment for the reservation of the place for the account: SK1011000000008011173288, please enter the name and surname, mail contact for any further communication in the transaction description.<\/p>\r\n<p><strong>Invited guests:<\/strong><\/p>\r\n<ul>\r\n<li>Marcel Hutter<\/li>\r\n<li>Moritz Labschutz<\/li>\r\n<li>Kodama Hands<\/li>\r\n<li>Ji\u0159\u00ed Brzobohat\u00fd<\/li>\r\n<li>Apes &amp; Sound<\/li>\r\n<li>Tom Power Walker<\/li>\r\n<li>Ji\u0159i \u0160\u00e1mal<\/li>\r\n<\/ul>\r\n<p><strong>Gathering program:<\/strong><\/p>\r\n<p><em>Friday 16.9.:<\/em><\/p>\r\n<ul>\r\n<li>Arrival to the cottage<\/li>\r\n<li>Dinner<\/li>\r\n<li>Evening fire, jams<\/li>\r\n<\/ul>\r\n<p><em>Saturday 17.8.:<\/em><\/p>\r\n<ul>\r\n<li>Breakfast at the cottage<\/li>\r\n<li>Beginners and Advanced players Workshops<\/li>\r\n<li>Concerts of invited guests<\/li>\r\n<li>Common playing<\/li>\r\n<li>Dinner<\/li>\r\n<li>Evening lottery\r\n<ul>\r\n<li>Possibility to win various prices, including big discounts for purchasing new handpan, each discount prices cannot cumulate<\/li>\r\n<li>Prices will include set of online courses provided by https:\/\/www.masterthehandpan.com\/<\/li>\r\n<\/ul>\r\n<\/li>\r\n<li>Evening fire, jams<\/li>\r\n<\/ul>\r\n<p><em>Sunday 18.8.:<\/em><\/p>\r\n<ul>\r\n<li>Breakfast at the cottage<\/li>\r\n<li>Transfer to Kosice, optionally Apocaliptica evening concert on the amphitheater<\/li>\r\n<\/ul>\r\n\r\n<p><a href=\"https:\/\/masterthehandpan.teachable.com?ref=mareklenart\" target=\"_BLANK\" rel=\"nofollow noopener noreferrer\"><img src=\"https:\/\/static.tapfiliate.com\/5c5ab4ce6b27f.JPG?a=44288-216ff6&amp;s=504950-b744d2\" border=\"0\" \/><\/a><\/p>","protected":false},"excerpt":{"rendered":"<p class=\"excerpt\">Contact mail: panvica.festival@gmail.com Concert HandPan in synagogue &nbsp; Date of concert: 15.8.2019 o 19.00Location: Old jewish synagogue, Zvon\u00e1rska 7, Ko\u0161iceTickets available on this link: https:\/\/www.ticketportal.sk\/event\/HandPan-v-synagoge-2019 Perfomers: Marcel Hutter I am a musician and handpan player from Linz (located in Austria\/Europe). I got my first handpan in 2012\u00a0and because there was no one who could have [&hellip;]<\/p>\n","protected":false},"author":1,"featured_media":0,"parent":0,"menu_order":0,"comment_status":"closed","ping_status":"closed","template":"","meta":{"sfsi_plus_gutenberg_text_before_share":"","sfsi_plus_gutenberg_show_text_before_share":"","sfsi_plus_gutenberg_icon_type":"","sfsi_plus_gutenberg_icon_alignemt":"","sfsi_plus_gutenburg_max_per_row":""},"_links":{"self":[{"href":"http:\/\/www.mishte.net\/index.php\/wp-json\/wp\/v2\/pages\/454"}],"collection":[{"href":"http:\/\/www.mishte.net\/index.php\/wp-json\/wp\/v2\/pages"}],"about":[{"href":"http:\/\/www.mishte.net\/index.php\/wp-json\/wp\/v2\/types\/page"}],"author":[{"embeddable":true,"href":"http:\/\/www.mishte.net\/index.php\/wp-json\/wp\/v2\/users\/1"}],"replies":[{"embeddable":true,"href":"http:\/\/www.mishte.net\/index.php\/wp-json\/wp\/v2\/comments?post=454"}],"version-history":[{"count":29,"href":"http:\/\/www.mishte.net\/index.php\/wp-json\/wp\/v2\/pages\/454\/revisions"}],"predecessor-version":[{"id":505,"href":"http:\/\/www.mishte.net\/index.php\/wp-json\/wp\/v2\/pages\/454\/revisions\/505"}],"wp:attachment":[{"href":"http:\/\/www.mishte.net\/index.php\/wp-json\/wp\/v2\/media?parent=454"}],"curies":[{"name":"wp","href":"https:\/\/api.w.org\/{rel}","templated":true}]}}