{"id":592,"date":"2022-08-07T19:25:01","date_gmt":"2022-08-07T19:25:01","guid":{"rendered":"http:\/\/www.mishte.net\/?page_id=592"},"modified":"2022-08-09T23:00:04","modified_gmt":"2022-08-09T23:00:04","slug":"panvica-2022","status":"publish","type":"page","link":"http:\/\/www.mishte.net\/index.php\/panvica-2022\/","title":{"rendered":"Panvica 2022"},"content":{"rendered":"<p><\/p>\n<h3>Concert events<\/h3>\n<p>Concert tour of brazilian handpan player Alexandre LORA:<\/p>\n<ul>\n<li>17.8.2022 at 19.00 Koncertn\u00e1 s\u00e1la Klarisky,Bratislava\n<ul class=\"ul1\">\n<li class=\"li1\"><span class=\"s1\"><a href=\"https:\/\/www.facebook.com\/events\/1494160247704936\"><span class=\"s2\">https:\/\/www.facebook.com\/events\/1494160247704936<\/span><\/a><\/span><\/li>\n<li class=\"li1\"><span class=\"s1\"><a href=\"https:\/\/www.ticketportal.sk\/event\/Alexandre-Lora\"><span class=\"s2\">https:\/\/www.ticketportal.sk\/event\/Alexandre-Lora<\/span><\/a><\/span><\/li>\n<\/ul>\n<\/li>\n<li>21.8.2022 at 19.00 Star\u00e1 \u017eidovska synag\u00f3ga, Ko\u0161ice<\/li>\n<li style=\"list-style-type: none;\">\n<ul class=\"ul1\">\n<li class=\"li1\"><span class=\"s1\"><a href=\"https:\/\/www.facebook.com\/events\/1368206490256561\"><span class=\"s2\">https:\/\/www.facebook.com\/events\/1368206490256561<\/span><\/a><\/span><\/li>\n<li class=\"li1\"><span class=\"s1\"><a href=\"https:\/\/www.ticketportal.sk\/event\/Alexandre-Lora\"><span class=\"s2\">https:\/\/www.ticketportal.sk\/event\/Alexandre-Lora<\/span><\/a><\/span><\/li>\n<\/ul>\n<\/li>\n<li>23.8.2022 at 19.00 Atrium, \u017di\u017ekov, Praha<\/li>\n<li style=\"list-style-type: none;\">\n<ul class=\"ul1\">\n<li class=\"li1\"><span class=\"s1\"><a href=\"https:\/\/www.facebook.com\/events\/566979221626240\/\"><span class=\"s2\">https:\/\/www.facebook.com\/events\/566979221626240\/<\/span><\/a><\/span><\/li>\n<li class=\"li1\"><span class=\"s1\"><a href=\"https:\/\/goout.net\/en\/tickets\/alexandre-lora\/efvn\/\"><span class=\"s2\">https:\/\/goout.net\/en\/tickets\/alexandre-lora\/efvn\/<\/span><\/a><\/span><\/li>\n<li class=\"li1\"><span class=\"s1\"><a href=\"https:\/\/atriumzizkov.cz\/alexandre-lora-v-atriu-na-zizkove\"><span class=\"s2\">https:\/\/atriumzizkov.cz\/alexandre-lora-v-atriu-na-zizkove<\/span><\/a><\/span><\/li>\n<\/ul>\n<\/li>\n<\/ul>\n<h3>Weekend gathering<\/h3>\n<p><a href=\"https:\/\/fb.me\/e\/61QsmN1Tv\">https:\/\/fb.me\/e\/61QsmN1Tv<\/a><\/p>\n<p>Panvica 2022, Camping Slne\u010dn\u00e9 skaly, Rajeck\u00e9 Teplice, 19-21 August 2022.<br \/>\nSummer meeting of handpan supporters in Slovakia and the Czech Republic.<\/p>\n<p>ACCOMMODATION:<\/p>\n<p>&#8211; In cottages for 4+ persons<br \/>\nEach cabin has its own toilet and shower, a refrigerator, a small kitchen with basic equipment, a double stove and also a kettle.<\/p>\n<p>&#8211; On an open area within the campsite<br \/>\nThe camp provides basic services such as showers and toilets. Everyone should bring the necessary equipment: tent and sleeping bags, etc<\/p>\n<p>THE PROGRAM:<br \/>\nWe will create our own town in the camp with a main shelter and a fireplace.<\/p>\n<p>As part of the program, you can expect:<br \/>\n&#8211; Handpan workshops for beginners and advanced<br \/>\n&#8211; A lot of jamms with handpans<br \/>\n&#8211; Rhythm workshops<br \/>\n&#8211; Morning and evening Yoga with Dominika<br \/>\n&#8211; Cocoa ceremony with Zuzka and Denis<br \/>\n&#8211; Breathing workshop<br \/>\n&#8211; Raffle with interesting prizes!<br \/>\n&#8211; Evening live performances and open mic!<br \/>\n&#8211; Special guest during the festival: Alexandre LORA<\/p>\n<p>FOOD:<br \/>\nThe meal service is optional and includes full pension for two days, from Friday lunch to Sunday morning in the form of a buffet, cooking will be like the last yesr Pali Oravec, so we have something to look forward to! Again, a reminder that you need to bring your own plate and cutlery.<\/p>\n<p>If someone does not want a meal as part of the event, they can eat themselves or take advantage of the possibility of eating in the camp.<\/p>\n<p>Important information, what you need to take with you:<br \/>\n&#8211; Good mood \ud83d\ude42<br \/>\n&#8211; Handpan, who doesn&#8217;t have one, there will be plenty of instruments on site to borrow and try out<br \/>\n&#8211; Any other instruments such as djembe, trumpets, fluets, guitars &#8230; to your taste<br \/>\n&#8211; Swimsuit, blanket \/ mat &#8211; if you come already on Thursday, we will go to the wellness center in Rajeck\u00e9 teplice<br \/>\n&#8211; Just to be sure, a raincoat or warm clothes<\/p>\n<p>Accommodation can be booked by sending an email to panvica.festival@gmail.com, simply on a first-come, first-served basis.<\/p>\n<p>DRINKING REGIME:<br \/>\nAs part of the event, our own tap of beer will be available, where we will have our own beer for a symbolic price. Within the area there will be other possibilities to order various other types of beverages.<\/p>\n<p>ENTRY FEES:<br \/>\nThe entrance fee for the event is 20 Euros, which includes all accompanying events and one raffle ticket.<br \/>\nOptional price for full pension for 2 days: 35 Eur.<br \/>\nChildren from 5 to 15 entry to the event 10 Euros and full pension for 2 days 25 Euros.<br \/>\nChildren under 5 years free.<\/p>\n<p>Everyone chooses accommodation within the camp according to their price list. Only you need to let us know if you would like to accomodate in cabis, which are reserved to us. Upon entry in camp reception you need to pay for chosen place to accomodate. Their price list is at the end of the description.<\/p>\n<p>PS: As part of the event, it will also be possible to tune handpan instruments from the producers who will be present: Djangar, Mishte, or from others depending on the condition of the instrument.<\/p>\n<p>Account number for sending festival fee: SK1011000000008011173288, enter the name in the description of the transaction.<\/p>\n<p>We are looking forward to you!<\/p>\n<p>SUNNY ROCKS PRICE LIST:<br \/>\n&#8211; Accommodation in cabins (4 places): 60 Euro \/ night \/ cabin<\/p>\n<p>&#8211; Accommodation in the camp:<br \/>\n&#8212; Tent: 4 Euro \/ night<br \/>\n&#8212; Caravan: 4 Euro \/ night<br \/>\n&#8212; Motorhome: 7 Eur \/ night<\/p>\n<p>&#8211; Passenger car: 3 Eur \/ night<br \/>\n&#8211; Motorcycle: 2 Eur \/ night<br \/>\n&#8211; Person above 15 years: 4.5 Euro \/ night<br \/>\n&#8211; Child 5-15 years: 3 Eur \/ night<br \/>\n&#8211; Child up to 5 years and animals: Free<\/p>\n<p>&nbsp;<\/p>\n<p><div id=\"attachment_595\" style=\"width: 1220px\" class=\"wp-caption alignleft\"><img aria-describedby=\"caption-attachment-595\" loading=\"lazy\" class=\"wp-image-595 size-full\" src=\"http:\/\/www.mishte.net\/wp-content\/uploads\/2022\/08\/slnecne_skaly_cennik_22.jpg\" alt=\"\" width=\"1210\" height=\"2156\" srcset=\"http:\/\/www.mishte.net\/wp-content\/uploads\/2022\/08\/slnecne_skaly_cennik_22.jpg 1210w, http:\/\/www.mishte.net\/wp-content\/uploads\/2022\/08\/slnecne_skaly_cennik_22-168x300.jpg 168w, http:\/\/www.mishte.net\/wp-content\/uploads\/2022\/08\/slnecne_skaly_cennik_22-575x1024.jpg 575w, http:\/\/www.mishte.net\/wp-content\/uploads\/2022\/08\/slnecne_skaly_cennik_22-768x1368.jpg 768w, http:\/\/www.mishte.net\/wp-content\/uploads\/2022\/08\/slnecne_skaly_cennik_22-862x1536.jpg 862w, http:\/\/www.mishte.net\/wp-content\/uploads\/2022\/08\/slnecne_skaly_cennik_22-1149x2048.jpg 1149w\" sizes=\"(max-width: 1210px) 100vw, 1210px\" \/><p id=\"caption-attachment-595\" class=\"wp-caption-text\">Price list of camp<\/p><\/div><\/p>","protected":false},"excerpt":{"rendered":"<p class=\"excerpt\">Concert events Concert tour of brazilian handpan player Alexandre LORA: 17.8.2022 at 19.00 Koncertn\u00e1 s\u00e1la Klarisky,Bratislava https:\/\/www.facebook.com\/events\/1494160247704936 https:\/\/www.ticketportal.sk\/event\/Alexandre-Lora 21.8.2022 at 19.00 Star\u00e1 \u017eidovska synag\u00f3ga, Ko\u0161ice https:\/\/www.facebook.com\/events\/1368206490256561 https:\/\/www.ticketportal.sk\/event\/Alexandre-Lora 23.8.2022 at 19.00 Atrium, \u017di\u017ekov, Praha https:\/\/www.facebook.com\/events\/566979221626240\/ https:\/\/goout.net\/en\/tickets\/alexandre-lora\/efvn\/ https:\/\/atriumzizkov.cz\/alexandre-lora-v-atriu-na-zizkove Weekend gathering https:\/\/fb.me\/e\/61QsmN1Tv Panvica 2022, Camping Slne\u010dn\u00e9 skaly, Rajeck\u00e9 Teplice, 19-21 August 2022. Summer meeting of handpan supporters in [&hellip;]<\/p>\n","protected":false},"author":1,"featured_media":0,"parent":0,"menu_order":0,"comment_status":"closed","ping_status":"closed","template":"","meta":{"sfsi_plus_gutenberg_text_before_share":"","sfsi_plus_gutenberg_show_text_before_share":"","sfsi_plus_gutenberg_icon_type":"","sfsi_plus_gutenberg_icon_alignemt":"","sfsi_plus_gutenburg_max_per_row":""},"_links":{"self":[{"href":"http:\/\/www.mishte.net\/index.php\/wp-json\/wp\/v2\/pages\/592"}],"collection":[{"href":"http:\/\/www.mishte.net\/index.php\/wp-json\/wp\/v2\/pages"}],"about":[{"href":"http:\/\/www.mishte.net\/index.php\/wp-json\/wp\/v2\/types\/page"}],"author":[{"embeddable":true,"href":"http:\/\/www.mishte.net\/index.php\/wp-json\/wp\/v2\/users\/1"}],"replies":[{"embeddable":true,"href":"http:\/\/www.mishte.net\/index.php\/wp-json\/wp\/v2\/comments?post=592"}],"version-history":[{"count":4,"href":"http:\/\/www.mishte.net\/index.php\/wp-json\/wp\/v2\/pages\/592\/revisions"}],"predecessor-version":[{"id":598,"href":"http:\/\/www.mishte.net\/index.php\/wp-json\/wp\/v2\/pages\/592\/revisions\/598"}],"wp:attachment":[{"href":"http:\/\/www.mishte.net\/index.php\/wp-json\/wp\/v2\/media?parent=592"}],"curies":[{"name":"wp","href":"https:\/\/api.w.org\/{rel}","templated":true}]}}